{"id":860,"date":"2026-03-26T10:42:44","date_gmt":"2026-03-26T09:42:44","guid":{"rendered":"https:\/\/009school.bbsw-worms.de\/?page_id=860"},"modified":"2026-04-16T11:02:51","modified_gmt":"2026-04-16T09:02:51","slug":"landverkehr-2","status":"publish","type":"page","link":"https:\/\/009school.bbsw-worms.de\/?page_id=860","title":{"rendered":"Landverkehr 2"},"content":{"rendered":"\t\t<div data-elementor-type=\"wp-page\" data-elementor-id=\"860\" class=\"elementor elementor-860\">\n\t\t\t\t<div class=\"elementor-element elementor-element-e3ba772 e-grid e-con-boxed e-con e-parent\" data-id=\"e3ba772\" data-element_type=\"container\" data-e-type=\"container\">\n\t\t\t\t\t<div class=\"e-con-inner\">\n\t\t\t\t<div class=\"elementor-element elementor-element-437e6a2 elementor-widget elementor-widget-text-editor\" data-id=\"437e6a2\" data-element_type=\"widget\" data-e-type=\"widget\" data-widget_type=\"text-editor.default\">\n\t\t\t\t\t\t\t\t\t<p><span style=\"font-size: 10pt;\">\u00dcberzeugen Sie Ihre Kunden durch zuverl\u00e4ssige und p\u00fcnktliche Zustellung Ihrer Ware. Europa ist ein vielf\u00e4ltiger Kontinent mit diversen Kulturen, lokalen Gesetzen und Gewohnheiten. Transporte quer durch Europa bringen ihre eigenen, unvorhergesehenen Herausforderungen mit sich. Vorschriften, die sich von Land zu Land \u00e4ndern und Kapazit\u00e4tsengp\u00e4sse durch saisonale Schwankungen sind f\u00fcr den Transport Ihrer Ware zu ber\u00fccksichtigen, damit diese p\u00fcnktlich beim Empf\u00e4nger ankommt.<\/span><\/p><p><img fetchpriority=\"high\" decoding=\"async\" class=\"wp-image-895  alignleft\" src=\"https:\/\/009school.bbsw-worms.de\/wp-content\/uploads\/2026\/04\/landtransporte-1024x586.jpg\" alt=\"\" width=\"545\" height=\"312\" srcset=\"https:\/\/009school.bbsw-worms.de\/wp-content\/uploads\/2026\/04\/landtransporte-1024x586.jpg 1024w, https:\/\/009school.bbsw-worms.de\/wp-content\/uploads\/2026\/04\/landtransporte-300x172.jpg 300w, https:\/\/009school.bbsw-worms.de\/wp-content\/uploads\/2026\/04\/landtransporte-2000x1145.jpg 2000w\" sizes=\"(max-width: 545px) 100vw, 545px\" \/><\/p>\t\t\t\t\t\t\t\t<\/div>\n\t\t\t\t<div class=\"elementor-element elementor-element-141221e elementor-widget elementor-widget-text-editor\" data-id=\"141221e\" data-element_type=\"widget\" data-e-type=\"widget\" data-widget_type=\"text-editor.default\">\n\t\t\t\t\t\t\t\t\t<p><span style=\"font-size: 10pt;\">Mit \u00fcber 8.000 Spezialisten an mehr als 180 Standorten betreiben wir heute eines der gr\u00f6\u00dften internationalen St\u00fcckgutnetzwerke der Branche und organisieren Teilladungen (LTL) und Komplettladungen (FTL), die ohne Umschlag direkt vom Ausgangs- zum Bestimmungsort transportiert werden.<\/span><\/p><p><span style=\"font-size: 10pt;\">Unsere Lkw-Transportflotte befindet sich teilweise in unserem eigenen Besitz und wird von gepr\u00fcften Subunternehmern erg\u00e4nzt, mit denen wir seit vielen Jahren zusammenarbeiten. So k\u00f6nnen wir Ihnen auch in angespannten Marktsituationen eine gleichbleibend hohe Servicequalit\u00e4t bieten. Dar\u00fcber hinaus behalten Sie mit dem Abliefernachweis (POD) und Ihrem pers\u00f6nlichen Zugang zu myKN die Kontrolle \u00fcber Ihre Transporte. Dort k\u00f6nnen Sie den Status Ihrer Sendungen jederzeit \u00fcberpr\u00fcfen und bei Abweichungen greifen unsere Experten vor Ort proaktiv ein.<\/span><\/p><p><span style=\"font-size: 10pt;\">Vertrauen Sie auf K\u00fchne+Nagel als erfahrenen Speditionspartner mit europ\u00e4ischem Netzwerk. Mit unserem umfassenden Know-how liefern wir Ihre Ware p\u00fcnktlich und zuverl\u00e4ssig aus.<\/span><\/p>\t\t\t\t\t\t\t\t<\/div>\n\t\t\t\t\t<\/div>\n\t\t\t\t<\/div>\n\t\t<div class=\"elementor-element elementor-element-6138998 e-flex e-con-boxed e-con e-parent\" data-id=\"6138998\" data-element_type=\"container\" data-e-type=\"container\">\n\t\t\t\t\t<div class=\"e-con-inner\">\n\t\t\t\t<div class=\"elementor-element elementor-element-5c7fc9f elementor-widget elementor-widget-image\" data-id=\"5c7fc9f\" data-element_type=\"widget\" data-e-type=\"widget\" data-widget_type=\"image.default\">\n\t\t\t\t\t\t\t\t\t\t\t\t\t\t\t<img decoding=\"async\" src=\"https:\/\/009school.bbsw-worms.de\/wp-content\/plugins\/elementor\/assets\/images\/placeholder.png\" title=\"\" alt=\"\" loading=\"lazy\" \/>\t\t\t\t\t\t\t\t\t\t\t\t\t\t\t<\/div>\n\t\t\t\t\t<\/div>\n\t\t\t\t<\/div>\n\t\t\t\t<\/div>\n\t\t","protected":false},"excerpt":{"rendered":"<p>\u00dcberzeugen Sie Ihre Kunden durch zuverl\u00e4ssige und p\u00fcnktliche Zustellung Ihrer Ware. Europa ist ein vielf\u00e4ltiger Kontinent mit diversen Kulturen, lokalen [&hellip;]<\/p>\n","protected":false},"author":2,"featured_media":0,"parent":0,"menu_order":0,"comment_status":"closed","ping_status":"closed","template":"","meta":{"site-sidebar-layout":"default","site-content-layout":"","ast-site-content-layout":"default","site-content-style":"default","site-sidebar-style":"default","ast-global-header-display":"","ast-banner-title-visibility":"","ast-main-header-display":"","ast-hfb-above-header-display":"","ast-hfb-below-header-display":"","ast-hfb-mobile-header-display":"","site-post-title":"","ast-breadcrumbs-content":"","ast-featured-img":"","footer-sml-layout":"","ast-disable-related-posts":"","theme-transparent-header-meta":"","adv-header-id-meta":"","stick-header-meta":"","header-above-stick-meta":"","header-main-stick-meta":"","header-below-stick-meta":"","astra-migrate-meta-layouts":"default","ast-page-background-enabled":"default","ast-page-background-meta":{"desktop":{"background-color":"var(--ast-global-color-5)","background-image":"","background-repeat":"repeat","background-position":"center center","background-size":"auto","background-attachment":"scroll","background-type":"","background-media":"","overlay-type":"","overlay-color":"","overlay-opacity":"","overlay-gradient":""},"tablet":{"background-color":"","background-image":"","background-repeat":"repeat","background-position":"center center","background-size":"auto","background-attachment":"scroll","background-type":"","background-media":"","overlay-type":"","overlay-color":"","overlay-opacity":"","overlay-gradient":""},"mobile":{"background-color":"","background-image":"","background-repeat":"repeat","background-position":"center center","background-size":"auto","background-attachment":"scroll","background-type":"","background-media":"","overlay-type":"","overlay-color":"","overlay-opacity":"","overlay-gradient":""}},"ast-content-background-meta":{"desktop":{"background-color":"var(--ast-global-color-4)","background-image":"","background-repeat":"repeat","background-position":"center center","background-size":"auto","background-attachment":"scroll","background-type":"","background-media":"","overlay-type":"","overlay-color":"","overlay-opacity":"","overlay-gradient":""},"tablet":{"background-color":"var(--ast-global-color-4)","background-image":"","background-repeat":"repeat","background-position":"center center","background-size":"auto","background-attachment":"scroll","background-type":"","background-media":"","overlay-type":"","overlay-color":"","overlay-opacity":"","overlay-gradient":""},"mobile":{"background-color":"var(--ast-global-color-4)","background-image":"","background-repeat":"repeat","background-position":"center center","background-size":"auto","background-attachment":"scroll","background-type":"","background-media":"","overlay-type":"","overlay-color":"","overlay-opacity":"","overlay-gradient":""}},"footnotes":""},"class_list":["post-860","page","type-page","status-publish","hentry"],"jetpack_sharing_enabled":true,"_links":{"self":[{"href":"https:\/\/009school.bbsw-worms.de\/index.php?rest_route=\/wp\/v2\/pages\/860","targetHints":{"allow":["GET"]}}],"collection":[{"href":"https:\/\/009school.bbsw-worms.de\/index.php?rest_route=\/wp\/v2\/pages"}],"about":[{"href":"https:\/\/009school.bbsw-worms.de\/index.php?rest_route=\/wp\/v2\/types\/page"}],"author":[{"embeddable":true,"href":"https:\/\/009school.bbsw-worms.de\/index.php?rest_route=\/wp\/v2\/users\/2"}],"replies":[{"embeddable":true,"href":"https:\/\/009school.bbsw-worms.de\/index.php?rest_route=%2Fwp%2Fv2%2Fcomments&post=860"}],"version-history":[{"count":4,"href":"https:\/\/009school.bbsw-worms.de\/index.php?rest_route=\/wp\/v2\/pages\/860\/revisions"}],"predecessor-version":[{"id":932,"href":"https:\/\/009school.bbsw-worms.de\/index.php?rest_route=\/wp\/v2\/pages\/860\/revisions\/932"}],"wp:attachment":[{"href":"https:\/\/009school.bbsw-worms.de\/index.php?rest_route=%2Fwp%2Fv2%2Fmedia&parent=860"}],"curies":[{"name":"wp","href":"https:\/\/api.w.org\/{rel}","templated":true}]}}