{"id":241,"date":"2026-01-30T10:18:22","date_gmt":"2026-01-30T09:18:22","guid":{"rendered":"https:\/\/009school.bbsw-worms.de\/?page_id=241"},"modified":"2026-03-20T21:03:36","modified_gmt":"2026-03-20T20:03:36","slug":"reservierung","status":"publish","type":"page","link":"https:\/\/009school.bbsw-worms.de\/?page_id=241","title":{"rendered":"Reservierung"},"content":{"rendered":"\t\t<div data-elementor-type=\"wp-page\" data-elementor-id=\"241\" class=\"elementor elementor-241\">\n\t\t\t\t<div class=\"elementor-element elementor-element-a70d442 e-flex e-con-boxed e-con e-parent\" data-id=\"a70d442\" data-element_type=\"container\" data-e-type=\"container\">\n\t\t\t\t\t<div class=\"e-con-inner\">\n\t\t\t\t<div class=\"elementor-element elementor-element-6a54c11 elementor-widget elementor-widget-text-editor\" data-id=\"6a54c11\" data-element_type=\"widget\" data-e-type=\"widget\" data-widget_type=\"text-editor.default\">\n\t\t\t\t\t\t\t\t\t<h2 data-path-to-node=\"12,0\">Reserviere deinen Tisch im Roll dich satt<\/h2><p data-path-to-node=\"12,1\">Genie\u00dfe fangfrisches Sushi in entspannter Atmosph\u00e4re. W\u00e4hle einfach dein Datum und die Personenanzahl aus \u2013 du erh\u00e4ltst sofort eine Best\u00e4tigung per E-Mail.<\/p>\t\t\t\t\t\t\t\t<\/div>\n\t\t\t\t\t<\/div>\n\t\t\t\t<\/div>\n\t\t<div class=\"elementor-element elementor-element-edf7ba6 e-flex e-con-boxed e-con e-parent\" data-id=\"edf7ba6\" data-element_type=\"container\" data-e-type=\"container\">\n\t\t\t\t\t<div class=\"e-con-inner\">\n\t\t\t\t<div class=\"elementor-element elementor-element-1c1d443 elementor-widget elementor-widget-rtb_booking_form\" data-id=\"1c1d443\" data-element_type=\"widget\" data-e-type=\"widget\" data-widget_type=\"rtb_booking_form.default\">\n\t\t\t\t<div class=\"elementor-widget-container\">\n\t\t\t\t\t\n\t<script type=\"text\/javascript\">\n        var ajaxurl = 'https:\/\/009school.bbsw-worms.de\/wp-admin\/admin-ajax.php';\n    <\/script>\n\n    <style>#rtb-time_root .picker__list .picker__list-item.picker__list-item--disabled { display: none; }<\/style>\n    \n<div class=\"rtb-booking-form\">\n\t\n\t\n\t\n\t\n\t<form method=\"POST\" action=\"\" class=\"rtb-booking-form-form\">\n\t\t<input type=\"hidden\" name=\"action\" value=\"booking_request\">\n\n\t\t\n\t\t\n\t\t\n\t\t\t\t<fieldset class=\"reservation\">\n\n\t\t\t\t\t\t<legend >\n\t\t\t\tTisch buchen\t\t\t<\/legend>\n\t\t\t\n\t\t\t\n\t<div class=\"rtb-text date\">\n\t\t\t\t<label for=\"rtb-date\">\n\t\t\tDatum\t\t<\/label>\n\t\t<input type=\"text\" name=\"rtb-date\" id=\"rtb-date\" value=\"\" required aria-required=\"true\">\n\t<\/div>\n\n\t\n\t<div class=\"rtb-text time\">\n\t\t\t\t<label for=\"rtb-time\">\n\t\t\tUhrzeit\t\t<\/label>\n\t\t<input type=\"text\" name=\"rtb-time\" id=\"rtb-time\" value=\"\" required aria-required=\"true\">\n\t<\/div>\n\n\t\n\t<div class=\"rtb-select party\">\n\t\t\t\t<label for=\"rtb-party\">\n\t\t\tPersonen\t\t<\/label>\n\t\t<select name=\"rtb-party\" id=\"rtb-party\" required aria-required=\"true\"  data-selected=\"\">\n\t\t\t\t\t\t\t\t\t<option value=\"1\" >1<\/option>\n\t\t\t\t\t\t<option value=\"2\" >2<\/option>\n\t\t\t\t\t\t<option value=\"3\" >3<\/option>\n\t\t\t\t\t\t<option value=\"4\" >4<\/option>\n\t\t\t\t\t\t<option value=\"5\" >5<\/option>\n\t\t\t\t\t\t<option value=\"6\" >6<\/option>\n\t\t\t\t\t\t<option value=\"7\" >7<\/option>\n\t\t\t\t\t\t<option value=\"8\" >8<\/option>\n\t\t\t\t\t<\/select>\n\t<\/div>\n\n\t\t\t<\/fieldset>\n\t\t\t\t<fieldset class=\"rtb-contact\">\n\n\t\t\t\t\t\t<legend >\n\t\t\t\tKontaktdaten\t\t\t<\/legend>\n\t\t\t\n\t\t\t\n\t<div class=\"rtb-text name\">\n\t\t\t\t<label for=\"rtb-name\">\n\t\t\tName\t\t<\/label>\n\t\t<input type=\"text\" name=\"rtb-name\" id=\"rtb-name\" value=\"\" required aria-required=\"true\">\n\t<\/div>\n\n\t\n\t<div class=\"rtb-text email\">\n\t\t\t\t<label for=\"rtb-email\">\n\t\t\tE-Mail\t\t<\/label>\n\t\t<input type=\"email\" name=\"rtb-email\" id=\"rtb-email\" value=\"\" required aria-required=\"true\">\n\t<\/div>\n\n\t\n\t<div class=\"rtb-text phone\">\n\t\t\t\t<label for=\"rtb-phone\">\n\t\t\tTelefonnummer\t\t<\/label>\n\t\t<input type=\"tel\" name=\"rtb-phone\" id=\"rtb-phone\" value=\"\">\n\t<\/div>\n\n\t\n\t<div class=\"add-message\">\n\t\t<a href=\"#\">\n\t\t\tNachricht hinzuf\u00fcgen\t\t<\/a>\n\t<\/div>\n\n\t\n\t<div class=\"rtb-textarea message\">\n\t\t\t\t<label for=\"rtb-message\">\n\t\t\tMeldung\t\t<\/label>\n\t\t<textarea name=\"rtb-message\" id=\"rtb-message\"><\/textarea>\n\t<\/div>\n\n\t\t\t<\/fieldset>\n\t\t\n\t\t\n\t\t<fieldset class=\"rtb-form-footer\">\n\t\t\t<div id='rtb_recaptcha'><\/div>\n\t\t\t\n\t\t\t<div class=\"rtb-form-submit\"><button type=\"submit\">Buchung anfragen<\/button><\/div>\t\t<\/fieldset>\n\n\n\t<\/form>\n\n\t\n\t\n\t<\/div>\n\n\t\t\t\t\t<\/div>\n\t\t\t\t<\/div>\n\t\t\t\t\t<\/div>\n\t\t\t\t<\/div>\n\t\t<div class=\"elementor-element elementor-element-de99039 e-flex e-con-boxed e-con e-parent\" data-id=\"de99039\" data-element_type=\"container\" data-e-type=\"container\">\n\t\t\t\t\t<div class=\"e-con-inner\">\n\t\t\t\t<div class=\"elementor-element elementor-element-7e4cd7d elementor-widget elementor-widget-text-editor\" data-id=\"7e4cd7d\" data-element_type=\"widget\" data-e-type=\"widget\" data-widget_type=\"text-editor.default\">\n\t\t\t\t\t\t\t\t\t<h3 data-path-to-node=\"15\">Wichtige Gast-Informationen\u00a0<\/h3><div class=\"horizontal-scroll-wrapper\"><div class=\"table-block-component\"><div class=\"table-block has-export-button new-table-style is-at-scroll-start is-at-scroll-end\"><div class=\"table-content not-end-of-paragraph\" data-hveid=\"0\" data-ved=\"0CAAQ3ecQahcKEwjMisvRsqWTAxUAAAAAHQAAAAAQbA\"><table data-path-to-node=\"16\"><thead><tr><td><span data-path-to-node=\"16,0,0,0\">Kategorie<\/span><\/td><td><span data-path-to-node=\"16,0,1,0\">Information<\/span><\/td><\/tr><\/thead><tbody><tr><td><span data-path-to-node=\"16,1,0,0\"><b data-path-to-node=\"16,1,0,0\" data-index-in-node=\"0\">Gruppen<\/b><\/span><\/td><td><span data-path-to-node=\"16,1,1,0\">Ab 8 Personen bitten wir um eine telefonische Anfrage unter [Deine Nummer].<\/span><\/td><\/tr><tr><td><span data-path-to-node=\"16,2,0,0\"><b data-path-to-node=\"16,2,0,0\" data-index-in-node=\"0\">Parken<\/b><\/span><\/td><td><span data-path-to-node=\"16,2,1,0\">Kostenlose Parkpl\u00e4tze befinden sich direkt hinter dem Haus.<\/span><\/td><\/tr><tr><td><span data-path-to-node=\"16,3,0,0\"><b data-path-to-node=\"16,3,0,0\" data-index-in-node=\"0\">Hunde<\/b><\/span><\/td><td><span data-path-to-node=\"16,3,1,0\">Brave Vierbeiner sind in unserem Au\u00dfenbereich herzlich willkommen.<\/span><\/td><\/tr><tr><td><span data-path-to-node=\"16,4,0,0\"><b data-path-to-node=\"16,4,0,0\" data-index-in-node=\"0\">Wartezeit<\/b><\/span><\/td><td><span data-path-to-node=\"16,4,1,0\">Wir halten deinen Tisch f\u00fcr maximal 15 Minuten nach Reservierungsbeginn frei.<\/span><\/td><\/tr><\/tbody><\/table><\/div><div class=\"table-footer hide-from-message-actions\">\u00a0<\/div><\/div><\/div><\/div>\t\t\t\t\t\t\t\t<\/div>\n\t\t\t\t\t<\/div>\n\t\t\t\t<\/div>\n\t\t<div class=\"elementor-element elementor-element-df1f916 e-flex e-con-boxed e-con e-parent\" data-id=\"df1f916\" data-element_type=\"container\" data-e-type=\"container\" data-settings=\"{&quot;background_background&quot;:&quot;classic&quot;}\">\n\t\t\t\t\t<div class=\"e-con-inner\">\n\t\t\t\t<div class=\"elementor-element elementor-element-00d40cf elementor-widget elementor-widget-text-editor\" data-id=\"00d40cf\" data-element_type=\"widget\" data-e-type=\"widget\" data-widget_type=\"text-editor.default\">\n\t\t\t\t\t\t\t\t\t<div class=\"elementor-element elementor-element-7ac0e46 e-flex e-con-boxed e-con e-parent e-lazyloaded\" data-id=\"7ac0e46\" data-element_type=\"container\" data-e-type=\"container\" data-settings=\"{&quot;background_background&quot;:&quot;classic&quot;}\"><div class=\"e-con-inner\"><div class=\"elementor-element elementor-element-1be47bb elementor-widget elementor-widget-text-editor\" data-id=\"1be47bb\" data-element_type=\"widget\" data-e-type=\"widget\" data-widget_type=\"text-editor.default\"><p style=\"text-align: center;\"><a href=\"https:\/\/009school.bbsw-worms.de\/?page_id=189\">Impressum<\/a> | <a href=\"https:\/\/009school.bbsw-worms.de\/?page_id=533\">Datenschutz<\/a> | <a href=\"https:\/\/009school.bbsw-worms.de\/?page_id=530\">AGB<\/a><\/p><\/div><\/div><\/div>\t\t\t\t\t\t\t\t<\/div>\n\t\t\t\t\t<\/div>\n\t\t\t\t<\/div>\n\t\t\t\t<\/div>\n\t\t","protected":false},"excerpt":{"rendered":"<p>Reserviere deinen Tisch im Roll dich satt Genie\u00dfe fangfrisches Sushi in entspannter Atmosph\u00e4re. W\u00e4hle einfach dein Datum und die Personenanzahl [&hellip;]<\/p>\n","protected":false},"author":2,"featured_media":0,"parent":0,"menu_order":0,"comment_status":"closed","ping_status":"closed","template":"","meta":{"site-sidebar-layout":"default","site-content-layout":"","ast-site-content-layout":"default","site-content-style":"default","site-sidebar-style":"default","ast-global-header-display":"","ast-banner-title-visibility":"","ast-main-header-display":"","ast-hfb-above-header-display":"","ast-hfb-below-header-display":"","ast-hfb-mobile-header-display":"","site-post-title":"","ast-breadcrumbs-content":"","ast-featured-img":"","footer-sml-layout":"","ast-disable-related-posts":"","theme-transparent-header-meta":"","adv-header-id-meta":"","stick-header-meta":"","header-above-stick-meta":"","header-main-stick-meta":"","header-below-stick-meta":"","astra-migrate-meta-layouts":"default","ast-page-background-enabled":"default","ast-page-background-meta":{"desktop":{"background-color":"var(--ast-global-color-5)","background-image":"","background-repeat":"repeat","background-position":"center center","background-size":"auto","background-attachment":"scroll","background-type":"","background-media":"","overlay-type":"","overlay-color":"","overlay-opacity":"","overlay-gradient":""},"tablet":{"background-color":"","background-image":"","background-repeat":"repeat","background-position":"center center","background-size":"auto","background-attachment":"scroll","background-type":"","background-media":"","overlay-type":"","overlay-color":"","overlay-opacity":"","overlay-gradient":""},"mobile":{"background-color":"","background-image":"","background-repeat":"repeat","background-position":"center center","background-size":"auto","background-attachment":"scroll","background-type":"","background-media":"","overlay-type":"","overlay-color":"","overlay-opacity":"","overlay-gradient":""}},"ast-content-background-meta":{"desktop":{"background-color":"var(--ast-global-color-4)","background-image":"","background-repeat":"repeat","background-position":"center center","background-size":"auto","background-attachment":"scroll","background-type":"","background-media":"","overlay-type":"","overlay-color":"","overlay-opacity":"","overlay-gradient":""},"tablet":{"background-color":"var(--ast-global-color-4)","background-image":"","background-repeat":"repeat","background-position":"center center","background-size":"auto","background-attachment":"scroll","background-type":"","background-media":"","overlay-type":"","overlay-color":"","overlay-opacity":"","overlay-gradient":""},"mobile":{"background-color":"var(--ast-global-color-4)","background-image":"","background-repeat":"repeat","background-position":"center center","background-size":"auto","background-attachment":"scroll","background-type":"","background-media":"","overlay-type":"","overlay-color":"","overlay-opacity":"","overlay-gradient":""}},"footnotes":""},"class_list":["post-241","page","type-page","status-publish","hentry"],"jetpack_sharing_enabled":true,"_links":{"self":[{"href":"https:\/\/009school.bbsw-worms.de\/index.php?rest_route=\/wp\/v2\/pages\/241","targetHints":{"allow":["GET"]}}],"collection":[{"href":"https:\/\/009school.bbsw-worms.de\/index.php?rest_route=\/wp\/v2\/pages"}],"about":[{"href":"https:\/\/009school.bbsw-worms.de\/index.php?rest_route=\/wp\/v2\/types\/page"}],"author":[{"embeddable":true,"href":"https:\/\/009school.bbsw-worms.de\/index.php?rest_route=\/wp\/v2\/users\/2"}],"replies":[{"embeddable":true,"href":"https:\/\/009school.bbsw-worms.de\/index.php?rest_route=%2Fwp%2Fv2%2Fcomments&post=241"}],"version-history":[{"count":10,"href":"https:\/\/009school.bbsw-worms.de\/index.php?rest_route=\/wp\/v2\/pages\/241\/revisions"}],"predecessor-version":[{"id":818,"href":"https:\/\/009school.bbsw-worms.de\/index.php?rest_route=\/wp\/v2\/pages\/241\/revisions\/818"}],"wp:attachment":[{"href":"https:\/\/009school.bbsw-worms.de\/index.php?rest_route=%2Fwp%2Fv2%2Fmedia&parent=241"}],"curies":[{"name":"wp","href":"https:\/\/api.w.org\/{rel}","templated":true}]}}