{"id":215,"date":"2026-01-30T10:16:33","date_gmt":"2026-01-30T09:16:33","guid":{"rendered":"https:\/\/009school.bbsw-worms.de\/?page_id=215"},"modified":"2026-03-16T21:45:33","modified_gmt":"2026-03-16T20:45:33","slug":"front_page","status":"publish","type":"page","link":"https:\/\/009school.bbsw-worms.de\/?page_id=215","title":{"rendered":"Start"},"content":{"rendered":"\t\t<div data-elementor-type=\"wp-page\" data-elementor-id=\"215\" class=\"elementor elementor-215\">\n\t\t\t\t<div class=\"elementor-element elementor-element-67eaae43 e-flex e-con-boxed e-con e-parent\" data-id=\"67eaae43\" data-element_type=\"container\" data-e-type=\"container\">\n\t\t\t\t\t<div class=\"e-con-inner\">\n\t\t\t\t<div class=\"elementor-element elementor-element-9d4c91e elementor-widget elementor-widget-text-editor\" data-id=\"9d4c91e\" data-element_type=\"widget\" data-e-type=\"widget\" data-widget_type=\"text-editor.default\">\n\t\t\t\t\t\t\t\t\t<p style=\"text-align: left;\">Unsere Geschichte<\/p><p><!-- \/wp:kubio\/heading --><!-- wp:kubio\/divider {\"kubio\":{\"styleRef\":\"ep7Cv_1ZzGr\",\"props\":{\"type\":\"line\"},\"style\":{\"descendants\":{\"outer\":{\"padding\":{\"bottom\":{\"value\":\"10\",\"unit\":\"px\"},\"top\":{\"value\":\"10\",\"unit\":\"px\"}}},\"line\":{\"border\":{\"top\":{\"style\":\"solid\"},\"left\":{\"style\":\"solid\"},\"right\":{\"style\":\"solid\"},\"bottom\":{\"width\":{\"value\":4,\"unit\":\"px\"},\"color\":\"rgba(var(--kubio-color-1),1)\",\"style\":\"solid\"}}},\"inner\":{\"fill\":\"rgba(var(--kubio-color-1),1)\",\"width\":{\"value\":50,\"unit\":\"px\"},\"height\":{\"value\":50,\"unit\":\"px\"},\"margin\":{\"left\":{\"value\":\"10\",\"unit\":\"px\"},\"right\":{\"value\":\"10\",\"unit\":\"px\"}}},\"width-container\":{\"width\":{\"value\":25,\"unit\":\"%\"}}}},\"hash\":\"O6xVO7EwZa9\"},\"iconName\":\"font-awesome\/star\"} \/--><!-- wp:kubio\/text {\"kubio\":{\"styleRef\":\"Z33mxWeHXkg\",\"hash\":\"v31aKzuGWZg\",\"props\":{\"isLead\":true}},\"kubioAI\":{\"meta\":{\"initialValues\":{\"words\":17,\"chars\":77}}}} --><\/p><p>Seit \u00fcber 10 Jahren bieten wir k\u00f6stliche Sushi-Kreationen f\u00fcr unsere G\u00e4ste an.<\/p><p><!-- \/wp:kubio\/text --><!-- wp:kubio\/text {\"kubio\":{\"styleRef\":\"l6_mxqBb2mv\",\"hash\":\"DGoMfknDDZh\",\"style\":{\"descendants\":{\"text\":{\"padding\":{\"bottom\":{\"value\":20,\"unit\":\"px\"}}}}}},\"anchor\":\"paragraph\",\"kubioAI\":{\"meta\":{\"initialValues\":{\"words\":30,\"chars\":163}}}} --><\/p><p>Unser K\u00fcchenteam verwendet nur die frischesten Zutaten und kreiert einzigartige Geschmackserlebnisse f\u00fcr jeden Besuch.<\/p><h1>Willkommen bei Sakura Sushi\u00a0<\/h1><p>Erleben Sie die <img fetchpriority=\"high\" decoding=\"async\" class=\"size-medium wp-image-439 alignright\" src=\"https:\/\/009school.bbsw-worms.de\/wp-content\/uploads\/2026\/03\/ChatOn-image2-300x300.jpg\" alt=\"\" width=\"300\" height=\"300\" srcset=\"https:\/\/009school.bbsw-worms.de\/wp-content\/uploads\/2026\/03\/ChatOn-image2-300x300.jpg 300w, https:\/\/009school.bbsw-worms.de\/wp-content\/uploads\/2026\/03\/ChatOn-image2-150x150.jpg 150w, https:\/\/009school.bbsw-worms.de\/wp-content\/uploads\/2026\/03\/ChatOn-image2-768x768.jpg 768w, https:\/\/009school.bbsw-worms.de\/wp-content\/uploads\/2026\/03\/ChatOn-image2.jpg 1024w\" sizes=\"(max-width: 300px) 100vw, 300px\" \/>Vielfalt der japanischen K\u00fcche \u2013 frisch, authentisch und mit viel Liebe zubereitet.<br \/>Bei <strong>Roll dich satt<\/strong>\u00a0verbinden wir traditionelle Rezepte mit modernen Sushi-Kreationen.<\/p><p>Ob klassisches Nigiri, kreative Sushi Rolls oder warme Spezialit\u00e4ten wie Ramen und Teriyaki \u2013 bei uns finden Sie f\u00fcr jeden Geschmack das passende Gericht.<\/p><p>Unsere Zutaten werden t\u00e4glich frisch ausgew\u00e4hlt, damit Sie h\u00f6chste Qualit\u00e4t und echten Geschmack Japans genie\u00dfen k\u00f6nnen.<\/p><p>\u00a0Frisch zubereitet<br \/>\u00a0Gro\u00dfe Auswahl an Sushi &amp; Rolls<br \/>\u00a0Warme japanische Spezialit\u00e4ten<br \/>\u00a0Auch vegetarische Gerichte verf\u00fcgbar<\/p><p data-start=\"777\" data-end=\"841\"><strong data-start=\"780\" data-end=\"798\">Frisches Sushi<\/strong><br data-start=\"798\" data-end=\"801\" \/>Nigiri, Maki und kreative Premium Rolls.<\/p><p data-start=\"843\" data-end=\"924\">\ud83c\udf5c <strong data-start=\"846\" data-end=\"864\">Warme Gerichte<\/strong><br data-start=\"864\" data-end=\"867\" \/>Ramen, Teriyaki, Tempura und viele weitere Spezialit\u00e4ten.<\/p><p data-start=\"926\" data-end=\"1007\"><strong data-start=\"929\" data-end=\"954\">Vegetarische Optionen<\/strong><br data-start=\"954\" data-end=\"957\" \/>Viele leckere vegetarische Sushi- und Wokgerichte.<\/p><hr data-start=\"1009\" data-end=\"1012\" \/><h2 data-section-id=\"1oioh3e\" data-start=\"1014\" data-end=\"1038\">Beliebte Gerichte<\/h2><ul data-start=\"1040\" data-end=\"1133\"><li data-section-id=\"1pl71gk\" data-start=\"1040\" data-end=\"1055\"><p data-start=\"1042\" data-end=\"1055\">Dragon Roll<\/p><\/li><li data-section-id=\"13fi03z\" data-start=\"1056\" data-end=\"1075\"><p data-start=\"1058\" data-end=\"1075\">California Roll<\/p><\/li><li data-section-id=\"qb9d3t\" data-start=\"1076\" data-end=\"1096\"><p data-start=\"1078\" data-end=\"1096\">Chicken Teriyaki<\/p><\/li><li data-section-id=\"ufovy\" data-start=\"1097\" data-end=\"1112\"><p data-start=\"1099\" data-end=\"1112\">Ramen Suppe<\/p><\/li><li data-section-id=\"1acavcq\" data-start=\"1113\" data-end=\"1133\"><p data-start=\"1115\" data-end=\"1133\">Tempura Garnelen<\/p><\/li><\/ul><hr data-start=\"743\" data-end=\"746\" \/><h2 data-section-id=\"1h515ku\" data-start=\"748\" data-end=\"775\">Unsere Spezialit\u00e4ten<\/h2><p data-start=\"777\" data-end=\"841\"><strong data-start=\"780\" data-end=\"798\">Frisches Sushi<\/strong><br data-start=\"798\" data-end=\"801\" \/>Nigiri, Maki und kreative Premium Rolls.<\/p><p data-start=\"843\" data-end=\"924\"><strong data-start=\"846\" data-end=\"864\">Warme Gerichte<\/strong><br data-start=\"864\" data-end=\"867\" \/>Ramen, Teriyaki, Tempura und viele weitere Spezialit\u00e4ten.<\/p><p data-start=\"926\" data-end=\"1007\"><strong data-start=\"929\" data-end=\"954\">Vegetarische Optionen<\/strong><br data-start=\"954\" data-end=\"957\" \/>Viele leckere vegetarische Sushi- und Wokgerichte.<\/p><hr data-start=\"1009\" data-end=\"1012\" \/><h2 data-section-id=\"1oioh3e\" data-start=\"1014\" data-end=\"1038\">Beliebte Gerichte<\/h2><ul data-start=\"1040\" data-end=\"1133\"><li data-section-id=\"1pl71gk\" data-start=\"1040\" data-end=\"1055\"><p data-start=\"1042\" data-end=\"1055\">Dragon Roll<\/p><\/li><li data-section-id=\"13fi03z\" data-start=\"1056\" data-end=\"1075\"><p data-start=\"1058\" data-end=\"1075\">California Roll<\/p><\/li><li data-section-id=\"qb9d3t\" data-start=\"1076\" data-end=\"1096\"><p data-start=\"1078\" data-end=\"1096\">Chicken Teriyaki<\/p><\/li><li data-section-id=\"ufovy\" data-start=\"1097\" data-end=\"1112\"><p data-start=\"1099\" data-end=\"1112\">Ramen Suppe<\/p><\/li><li data-section-id=\"1acavcq\" data-start=\"1113\" data-end=\"1133\"><p data-start=\"1115\" data-end=\"1133\">Tempura Garnelen<\/p><\/li><\/ul><h2 data-section-id=\"1jqyi4e\" data-start=\"1377\" data-end=\"1400\">Online bestellen<\/h2><p data-start=\"1402\" data-end=\"1533\">Genie\u00dfen Sie Ihr Lieblingssushi auch zu Hause.<br data-start=\"1448\" data-end=\"1451\" \/>Bestellen Sie bequem online und holen Sie Ihr Essen ab oder lassen Sie es liefern. Telefon: <a href=\"_wp_link_placeholder\" data-wplink-edit=\"true\">065 4565123<\/a><\/p><hr data-start=\"1566\" data-end=\"1569\" \/><p><!-- \/wp:kubio\/text --><!-- wp:kubio\/buttongroup {\"kubio\":{\"styleRef\":\"FQpcfo-o4TJ\",\"hash\":\"YkPlMD2V-cf\",\"style\":{\"descendants\":{\"spacing\":{\"media\":{\"mobile\":{\"textAlign\":\"center\"}}}}}}} --><!-- wp:kubio\/button {\"kubio\":{\"styleRef\":\"EPRMu3KyDBd\",\"props\":{\"buttonWidth\":\"fitToContent\",\"iconPosition\":\"after\",\"showIcon\":false,\"buttonSize\":\"large\",\"horizontalAlign\":\"center\",\"link\":{\"value\":\"\",\"typeOpenLink\":\"sameWindow\",\"noFollow\":false,\"lightboxMedia\":\"\"},\"preserveSpace\":{\"text\":false},\"icon\":{\"name\":\"font-awesome\/arrow-right\"}},\"style\":{\"descendants\":{\"link\":{\"textAlign\":\"center\",\"background\":{\"color\":\"rgba(var(--kubio-color-2),1)\"},\"typography\":{\"margin\":{\"top\":\"\",\"bottom\":\"2rem\"},\"size\":{\"unit\":\"px\",\"value\":\"14\"},\"weight\":300,\"lineHeight\":{\"value\":\"1\",\"unit\":\"\"},\"transform\":\"uppercase\",\"letterSpacing\":{\"value\":\"1\",\"unit\":\"px\"},\"color\":\"rgba(var(--kubio-color-5),1)\"},\"border\":{\"top\":{\"radius\":{\"right\":{\"value\":0,\"unit\":\"px\"},\"left\":{\"value\":0,\"unit\":\"px\"}},\"width\":{\"value\":0,\"unit\":\"px\"}},\"bottom\":{\"radius\":{\"right\":{\"value\":0,\"unit\":\"px\"},\"left\":{\"value\":0,\"unit\":\"px\"}},\"width\":{\"value\":0,\"unit\":\"px\"}},\"right\":{\"width\":{\"value\":0,\"unit\":\"px\"}},\"left\":{\"width\":{\"value\":0,\"unit\":\"px\"}}},\"padding\":{\"top\":{\"unit\":\"px\",\"value\":20},\"bottom\":{\"unit\":\"px\",\"value\":20},\"left\":{\"unit\":\"px\",\"value\":40},\"right\":{\"unit\":\"px\",\"value\":40}},\"states\":{\"hover\":{\"typography\":{\"color\":\"rgba(var(--kubio-color-5),1)\"},\"background\":{\"color\":\"rgba(var(--kubio-color-2-variant-4),1)\"}}}},\"icon\":{\"size\":{\"unit\":\"px\",\"value\":\"14\"},\"margin\":{\"left\":{\"value\":10,\"unit\":\"px\"},\"right\":{\"value\":0,\"unit\":\"px\"}}}}},\"hash\":\"6hmLc-eAY69\"},\"link\":{\"value\":\"#\",\"typeOpenLink\":\"sameWindow\",\"noFollow\":false,\"lightboxMedia\":\"\"},\"preserveSpace\":{\"text\":false},\"icon\":{\"name\":\"font-awesome\/arrow-right\"}} --><\/p><p><!-- \/wp:kubio\/iconlistitem --><!-- \/wp:kubio\/iconlist --><!-- \/wp:kubio\/column --><!-- wp:kubio\/column {\"kubio\":{\"styleRef\":\"hSD9oFhI5HG\",\"style\":{\"descendants\":{\"inner\":{\"customHeight\":{\"type\":\"min-height\",\"min-height\":{\"value\":400,\"unit\":\"px\"}},\"media\":{\"mobile\":{\"customHeight\":{\"type\":\"min-height\",\"min-height\":{\"value\":300,\"unit\":\"px\"}}}}}}},\"props\":{\"layout\":{\"verticalInnerGap\":2,\"horizontalInnerGap\":1},\"media\":{\"tablet\":{\"layout\":{\"horizontalInnerGap\":3}},\"mobile\":{\"layout\":{\"horizontalInnerGap\":3,\"verticalInnerGap\":3}}}},\"_style\":{\"descendants\":{\"container\":{\"columnWidth\":{\"type\":\"custom\",\"custom\":{\"value\":50,\"unit\":\"%\"}},\"media\":{\"tablet\":{\"columnWidth\":{\"type\":\"custom\",\"custom\":{\"value\":100,\"unit\":\"%\"}}}}}}},\"hash\":\"eB8fLOt_y9C\"}} --><!-- wp:kubio\/contact {\"kubio\":{\"styleRef\":\"jp2WK6PLMN5\",\"props\":{\"compliedStyleFlags\":{\"forminator\":{\"validationError\":false}},\"shortcode\":\"[contact-form-7 id=\\\"692\\\" title=\\\"Contact form 1\\\"]\",\"buttonAlign\":\"right\",\"autoSelectFormAtMount\":false},\"style\":{\"descendants\":{\"labels\":{\"textAlign\":\"left\",\"typography\":{\"color\":\"rgba(var(--kubio-color-6-variant-2),1)\"}},\"fields\":{\"margin\":{\"top\":{\"value\":\"4\",\"unit\":\"px\"},\"bottom\":{\"value\":\"16\",\"unit\":\"px\"}},\"background\":{\"color\":\"#ffffff\"},\"border\":{\"top\":{\"radius\":{\"left\":{\"value\":0,\"unit\":\"px\"},\"right\":{\"value\":0,\"unit\":\"px\"}},\"style\":\"solid\",\"width\":{\"value\":1,\"unit\":\"px\"}},\"bottom\":{\"radius\":{\"left\":{\"value\":0,\"unit\":\"px\"},\"right\":{\"value\":0,\"unit\":\"px\"}},\"style\":\"solid\",\"width\":{\"value\":1,\"unit\":\"px\"}},\"left\":{\"style\":\"solid\",\"width\":{\"value\":1,\"unit\":\"px\"}},\"right\":{\"style\":\"solid\",\"width\":{\"value\":1,\"unit\":\"px\"}}},\"padding\":{\"top\":{\"value\":\"10\",\"unit\":\"px\"},\"right\":{\"value\":\"10\",\"unit\":\"px\"},\"bottom\":{\"value\":\"10\",\"unit\":\"px\"},\"left\":{\"value\":\"10\",\"unit\":\"px\"}},\"color\":\"rgb(102, 102, 102)\",\"states\":{\"hover\":{\"border\":{\"top\":{\"color\":\"rgba(var(--kubio-color-5-variant-2),1)\"},\"right\":{\"color\":\"rgba(var(--kubio-color-5-variant-2),1)\"},\"bottom\":{\"color\":\"rgba(var(--kubio-color-5-variant-2),1)\"},\"left\":{\"color\":\"rgba(var(--kubio-color-5-variant-2),1)\"}}},\"focus\":{\"border\":{\"top\":{\"color\":\"rgba(var(--kubio-color-5-variant-2),1)\"},\"right\":{\"color\":\"rgba(var(--kubio-color-5-variant-2),1)\"},\"bottom\":{\"color\":\"rgba(var(--kubio-color-5-variant-2),1)\"},\"left\":{\"color\":\"rgba(var(--kubio-color-5-variant-2),1)\"}}}},\"typography\":{\"color\":\"rgba(var(--kubio-color-6),1)\"}},\"submitButton\":{\"background\":{\"color\":\"rgba(var(--kubio-color-1),1)\"},\"color\":\"rgba(var(--kubio-color-5),1)\",\"padding\":{\"top\":{\"value\":12,\"unit\":\"px\"},\"right\":{\"value\":30,\"unit\":\"px\"},\"bottom\":{\"value\":12,\"unit\":\"px\"},\"left\":{\"value\":30,\"unit\":\"px\"}},\"typography\":{\"size\":{\"unit\":\"px\",\"value\":14},\"transform\":\"uppercase\",\"letterSpacing\":{\"value\":1,\"unit\":\"px\"}},\"border\":{\"top\":{\"radius\":{\"left\":{\"value\":0,\"unit\":\"px\"},\"right\":{\"value\":0,\"unit\":\"px\"}},\"style\":\"none\",\"width\":{\"value\":0,\"unit\":\"px\"}},\"bottom\":{\"radius\":{\"right\":{\"value\":0,\"unit\":\"px\"},\"left\":{\"value\":0,\"unit\":\"px\"}},\"style\":\"none\",\"width\":{\"value\":0,\"unit\":\"px\"}},\"right\":{\"style\":\"none\",\"width\":{\"value\":0,\"unit\":\"px\"}},\"left\":{\"style\":\"none\",\"width\":{\"value\":0,\"unit\":\"px\"}}},\"marginRight\":\"auto\",\"marginLeft\":\"0\",\"textAlign\":\"left\",\"states\":{\"hover\":{\"background\":{\"color\":\"rgba(var(--kubio-color-1-variant-4),1)\"}}}},\"errorNotice\":{\"border\":{\"top\":{\"width\":{\"value\":0,\"unit\":\"px\"}},\"right\":{\"width\":{\"value\":0,\"unit\":\"px\"}},\"bottom\":{\"width\":{\"value\":0,\"unit\":\"px\"}},\"left\":{\"width\":{\"value\":0,\"unit\":\"px\"}}},\"background\":{\"color\":\"rgba(var(--kubio-color-4),1)\"},\"color\":\"rgb(255, 255, 255)\",\"typography\":{\"weight\":400}},\"infoNotice\":{\"border\":{\"top\":{\"width\":{\"value\":0,\"unit\":\"px\"},\"radius\":{\"left\":{\"value\":0,\"unit\":\"px\"},\"right\":{\"value\":0,\"unit\":\"px\"}}},\"right\":{\"width\":{\"value\":0,\"unit\":\"px\"}},\"bottom\":{\"width\":{\"value\":0,\"unit\":\"px\"},\"radius\":{\"right\":{\"value\":0,\"unit\":\"px\"},\"left\":{\"value\":0,\"unit\":\"px\"}}},\"left\":{\"width\":{\"value\":0,\"unit\":\"px\"}}},\"background\":{\"color\":\"rgba(var(--kubio-color-2),1)\"},\"typography\":{\"weight\":400}},\"successNotice\":{\"border\":{\"top\":{\"width\":{\"value\":0,\"unit\":\"px\"}},\"right\":{\"width\":{\"value\":0,\"unit\":\"px\"}},\"bottom\":{\"width\":{\"value\":0,\"unit\":\"px\"}},\"left\":{\"width\":{\"value\":0,\"unit\":\"px\"}}},\"background\":{\"color\":\"rgba(var(--kubio-color-3),1)\"},\"typography\":{\"color\":\"rgba(var(--kubio-color-3-variant-5),1)\",\"weight\":400}}}},\"hash\":\"YYiVfxoOZ8\"},\"shortcode\":\"[contact-form-7 id=\\\"247\\\"][\/contact-form-7]\",\"formId\":\"247\"} \/--><!-- \/wp:kubio\/column --><!-- \/wp:kubio\/row --><!-- \/wp:kubio\/section --><\/p>\t\t\t\t\t\t\t\t<\/div>\n\t\t\t\t\t<\/div>\n\t\t\t\t<\/div>\n\t\t\t\t<\/div>\n\t\t","protected":false},"excerpt":{"rendered":"<p>Unsere Geschichte Seit \u00fcber 10 Jahren bieten wir k\u00f6stliche Sushi-Kreationen f\u00fcr unsere G\u00e4ste an. Unser K\u00fcchenteam verwendet nur die frischesten [&hellip;]<\/p>\n","protected":false},"author":2,"featured_media":0,"parent":0,"menu_order":0,"comment_status":"closed","ping_status":"closed","template":"","meta":{"site-sidebar-layout":"default","site-content-layout":"","ast-site-content-layout":"default","site-content-style":"default","site-sidebar-style":"default","ast-global-header-display":"","ast-banner-title-visibility":"","ast-main-header-display":"","ast-hfb-above-header-display":"","ast-hfb-below-header-display":"","ast-hfb-mobile-header-display":"","site-post-title":"","ast-breadcrumbs-content":"","ast-featured-img":"","footer-sml-layout":"","ast-disable-related-posts":"","theme-transparent-header-meta":"","adv-header-id-meta":"","stick-header-meta":"","header-above-stick-meta":"","header-main-stick-meta":"","header-below-stick-meta":"","astra-migrate-meta-layouts":"default","ast-page-background-enabled":"default","ast-page-background-meta":{"desktop":{"background-color":"var(--ast-global-color-5)","background-image":"","background-repeat":"repeat","background-position":"center center","background-size":"auto","background-attachment":"scroll","background-type":"","background-media":"","overlay-type":"","overlay-color":"","overlay-opacity":"","overlay-gradient":""},"tablet":{"background-color":"","background-image":"","background-repeat":"repeat","background-position":"center center","background-size":"auto","background-attachment":"scroll","background-type":"","background-media":"","overlay-type":"","overlay-color":"","overlay-opacity":"","overlay-gradient":""},"mobile":{"background-color":"","background-image":"","background-repeat":"repeat","background-position":"center center","background-size":"auto","background-attachment":"scroll","background-type":"","background-media":"","overlay-type":"","overlay-color":"","overlay-opacity":"","overlay-gradient":""}},"ast-content-background-meta":{"desktop":{"background-color":"var(--ast-global-color-4)","background-image":"","background-repeat":"repeat","background-position":"center center","background-size":"auto","background-attachment":"scroll","background-type":"","background-media":"","overlay-type":"","overlay-color":"","overlay-opacity":"","overlay-gradient":""},"tablet":{"background-color":"var(--ast-global-color-4)","background-image":"","background-repeat":"repeat","background-position":"center center","background-size":"auto","background-attachment":"scroll","background-type":"","background-media":"","overlay-type":"","overlay-color":"","overlay-opacity":"","overlay-gradient":""},"mobile":{"background-color":"var(--ast-global-color-4)","background-image":"","background-repeat":"repeat","background-position":"center center","background-size":"auto","background-attachment":"scroll","background-type":"","background-media":"","overlay-type":"","overlay-color":"","overlay-opacity":"","overlay-gradient":""}},"footnotes":""},"class_list":["post-215","page","type-page","status-publish","hentry"],"jetpack_sharing_enabled":true,"_links":{"self":[{"href":"https:\/\/009school.bbsw-worms.de\/index.php?rest_route=\/wp\/v2\/pages\/215","targetHints":{"allow":["GET"]}}],"collection":[{"href":"https:\/\/009school.bbsw-worms.de\/index.php?rest_route=\/wp\/v2\/pages"}],"about":[{"href":"https:\/\/009school.bbsw-worms.de\/index.php?rest_route=\/wp\/v2\/types\/page"}],"author":[{"embeddable":true,"href":"https:\/\/009school.bbsw-worms.de\/index.php?rest_route=\/wp\/v2\/users\/2"}],"replies":[{"embeddable":true,"href":"https:\/\/009school.bbsw-worms.de\/index.php?rest_route=%2Fwp%2Fv2%2Fcomments&post=215"}],"version-history":[{"count":5,"href":"https:\/\/009school.bbsw-worms.de\/index.php?rest_route=\/wp\/v2\/pages\/215\/revisions"}],"predecessor-version":[{"id":442,"href":"https:\/\/009school.bbsw-worms.de\/index.php?rest_route=\/wp\/v2\/pages\/215\/revisions\/442"}],"wp:attachment":[{"href":"https:\/\/009school.bbsw-worms.de\/index.php?rest_route=%2Fwp%2Fv2%2Fmedia&parent=215"}],"curies":[{"name":"wp","href":"https:\/\/api.w.org\/{rel}","templated":true}]}}