{"id":204,"date":"2026-01-30T10:07:28","date_gmt":"2026-01-30T09:07:28","guid":{"rendered":"https:\/\/009school.bbsw-worms.de\/?page_id=204"},"modified":"2026-03-20T23:04:56","modified_gmt":"2026-03-20T22:04:56","slug":"mesmerize","status":"publish","type":"page","link":"https:\/\/009school.bbsw-worms.de\/","title":{"rendered":"Herzlich willkommen bei Roll dich satt by Martyna-das Sushi Restaurant"},"content":{"rendered":"\t\t<div data-elementor-type=\"wp-page\" data-elementor-id=\"204\" class=\"elementor elementor-204\">\n\t\t\t\t<div class=\"elementor-element elementor-element-e9183ed e-flex e-con-boxed e-con e-parent\" data-id=\"e9183ed\" data-element_type=\"container\" data-e-type=\"container\">\n\t\t\t\t\t<div class=\"e-con-inner\">\n\t\t\t\t<div class=\"elementor-element elementor-element-79f7285 elementor-widget elementor-widget-text-editor\" data-id=\"79f7285\" data-element_type=\"widget\" data-e-type=\"widget\" data-widget_type=\"text-editor.default\">\n\t\t\t\t\t\t\t\t\t<p><span style=\"font-size: 18pt; background-color: #ff0000;\">\ud83c\udf63 <b data-path-to-node=\"4,4,1,0\" data-index-in-node=\"3\">GUTSCHEIN-AKTION:<\/b> 5\u20ac sparen ab 40\u20ac Einkaufswert! Code: <b data-path-to-node=\"4,4,1,0\" data-index-in-node=\"58\">SUSHI5<\/b> \ud83c\udf63<\/span><\/p>\t\t\t\t\t\t\t\t<\/div>\n\t\t\t\t\t<\/div>\n\t\t\t\t<\/div>\n\t\t<div class=\"elementor-element elementor-element-8d55a5c e-con-full e-flex e-con e-parent\" data-id=\"8d55a5c\" data-element_type=\"container\" data-e-type=\"container\">\n\t\t\t\t<div class=\"elementor-element elementor-element-6b689f9 elementor-widget elementor-widget-text-editor\" data-id=\"6b689f9\" data-element_type=\"widget\" data-e-type=\"widget\" data-widget_type=\"text-editor.default\">\n\t\t\t\t\t\t\t\t\t<p>Erleben Sie die <img fetchpriority=\"high\" decoding=\"async\" class=\"size-medium wp-image-439 alignright\" src=\"https:\/\/009school.bbsw-worms.de\/wp-content\/uploads\/2026\/03\/ChatOn-image2-300x300.jpg\" sizes=\"(max-width: 300px) 100vw, 300px\" srcset=\"https:\/\/009school.bbsw-worms.de\/wp-content\/uploads\/2026\/03\/ChatOn-image2-300x300.jpg 300w, https:\/\/009school.bbsw-worms.de\/wp-content\/uploads\/2026\/03\/ChatOn-image2-150x150.jpg 150w, https:\/\/009school.bbsw-worms.de\/wp-content\/uploads\/2026\/03\/ChatOn-image2-768x768.jpg 768w, https:\/\/009school.bbsw-worms.de\/wp-content\/uploads\/2026\/03\/ChatOn-image2.jpg 1024w\" alt=\"\" width=\"300\" height=\"300\" \/>Vielfalt der japanischen K\u00fcche \u2013 frisch, authentisch und mit viel Liebe zubereitet.<br \/>Bei <strong>Roll dich satt<\/strong>\u00a0verbinden wir traditionelle Rezepte mit modernen Sushi-Kreationen.<\/p><p>Ob klassisches Nigiri, kreative Sushi Rolls oder warme Spezialit\u00e4ten wie Ramen und Teriyaki \u2013 bei uns finden Sie f\u00fcr jeden Geschmack das passende Gericht.<\/p><p>Unsere Zutaten werden t\u00e4glich frisch ausgew\u00e4hlt, damit Sie h\u00f6chste Qualit\u00e4t und echten Geschmack Japans genie\u00dfen k\u00f6nnen.<\/p><p>\u00a0Frisch zubereitet<br \/>\u00a0Gro\u00dfe Auswahl an Sushi &amp; Rolls<br \/>\u00a0Warme japanische Spezialit\u00e4ten<br \/>\u00a0Auch vegetarische Gerichte verf\u00fcgbar<\/p><h2 data-section-id=\"1oioh3e\" data-start=\"1014\" data-end=\"1038\">Beliebte Gerichte<\/h2><ul><li data-start=\"1042\" data-end=\"1055\">Dragon Roll<\/li><li data-start=\"1058\" data-end=\"1075\">California Roll<\/li><li data-start=\"1078\" data-end=\"1096\">Chicken Teriyaki<\/li><li data-start=\"1099\" data-end=\"1112\">Ramen Suppe<\/li><li data-start=\"1115\" data-end=\"1133\">Tempura Garnelen<\/li><\/ul>\t\t\t\t\t\t\t\t<\/div>\n\t\t\t\t<div class=\"elementor-element elementor-element-777484e gallery-spacing-custom elementor-widget elementor-widget-image-gallery\" data-id=\"777484e\" data-element_type=\"widget\" data-e-type=\"widget\" data-widget_type=\"image-gallery.default\">\n\t\t\t\t\t\t\t<div class=\"elementor-image-gallery\">\n\t\t\t<div id='gallery-1' class='gallery galleryid-204 gallery-columns-4 gallery-size-thumbnail'><figure class='gallery-item'>\n\t\t\t<div class='gallery-icon landscape'>\n\t\t\t\t<a data-elementor-open-lightbox=\"yes\" data-elementor-lightbox-slideshow=\"777484e\" data-elementor-lightbox-title=\"cropped-pexels-photo-30206244-1.jpeg\" data-elementor-lightbox-description=\"https:\/\/009school.bbsw-worms.de\/wp-content\/uploads\/2026\/02\/cropped-pexels-photo-30206244-1.jpeg\" data-e-action-hash=\"#elementor-action%3Aaction%3Dlightbox%26settings%3DeyJpZCI6NDgyLCJ1cmwiOiJodHRwczpcL1wvMDA5c2Nob29sLmJic3ctd29ybXMuZGVcL3dwLWNvbnRlbnRcL3VwbG9hZHNcLzIwMjZcLzAyXC9jcm9wcGVkLXBleGVscy1waG90by0zMDIwNjI0NC0xLmpwZWciLCJzbGlkZXNob3ciOiI3Nzc0ODRlIn0%3D\" href='https:\/\/009school.bbsw-worms.de\/wp-content\/uploads\/2026\/02\/cropped-pexels-photo-30206244-1.jpeg'><img decoding=\"async\" width=\"150\" height=\"150\" src=\"https:\/\/009school.bbsw-worms.de\/wp-content\/uploads\/2026\/02\/cropped-pexels-photo-30206244-1-150x150.jpeg\" class=\"attachment-thumbnail size-thumbnail\" alt=\"\" \/><\/a>\n\t\t\t<\/div><\/figure><figure class='gallery-item'>\n\t\t\t<div class='gallery-icon landscape'>\n\t\t\t\t<a data-elementor-open-lightbox=\"yes\" data-elementor-lightbox-slideshow=\"777484e\" data-elementor-lightbox-title=\"cropped-pexels-photo-17308456.jpeg\" data-elementor-lightbox-description=\"https:\/\/009school.bbsw-worms.de\/wp-content\/uploads\/2026\/02\/cropped-pexels-photo-17308456.jpeg\" data-e-action-hash=\"#elementor-action%3Aaction%3Dlightbox%26settings%3DeyJpZCI6NDgzLCJ1cmwiOiJodHRwczpcL1wvMDA5c2Nob29sLmJic3ctd29ybXMuZGVcL3dwLWNvbnRlbnRcL3VwbG9hZHNcLzIwMjZcLzAyXC9jcm9wcGVkLXBleGVscy1waG90by0xNzMwODQ1Ni5qcGVnIiwic2xpZGVzaG93IjoiNzc3NDg0ZSJ9\" href='https:\/\/009school.bbsw-worms.de\/wp-content\/uploads\/2026\/02\/cropped-pexels-photo-17308456.jpeg'><img decoding=\"async\" width=\"150\" height=\"150\" src=\"https:\/\/009school.bbsw-worms.de\/wp-content\/uploads\/2026\/02\/cropped-pexels-photo-17308456-150x150.jpeg\" class=\"attachment-thumbnail size-thumbnail\" alt=\"\" \/><\/a>\n\t\t\t<\/div><\/figure><figure class='gallery-item'>\n\t\t\t<div class='gallery-icon landscape'>\n\t\t\t\t<a data-elementor-open-lightbox=\"yes\" data-elementor-lightbox-slideshow=\"777484e\" data-elementor-lightbox-title=\"cropped-UHXDDM6P5VDNNC4TXOAKDHVJ7M.avif\" data-elementor-lightbox-description=\"https:\/\/009school.bbsw-worms.de\/wp-content\/uploads\/2026\/02\/cropped-UHXDDM6P5VDNNC4TXOAKDHVJ7M.avif\" data-e-action-hash=\"#elementor-action%3Aaction%3Dlightbox%26settings%3DeyJpZCI6NDgxLCJ1cmwiOiJodHRwczpcL1wvMDA5c2Nob29sLmJic3ctd29ybXMuZGVcL3dwLWNvbnRlbnRcL3VwbG9hZHNcLzIwMjZcLzAyXC9jcm9wcGVkLVVIWERETTZQNVZETk5DNFRYT0FLREhWSjdNLmF2aWYiLCJzbGlkZXNob3ciOiI3Nzc0ODRlIn0%3D\" href='https:\/\/009school.bbsw-worms.de\/wp-content\/uploads\/2026\/02\/cropped-UHXDDM6P5VDNNC4TXOAKDHVJ7M.avif'><img loading=\"lazy\" decoding=\"async\" width=\"150\" height=\"150\" src=\"https:\/\/009school.bbsw-worms.de\/wp-content\/uploads\/2026\/02\/cropped-UHXDDM6P5VDNNC4TXOAKDHVJ7M-150x150.avif\" class=\"attachment-thumbnail size-thumbnail\" alt=\"\" \/><\/a>\n\t\t\t<\/div><\/figure><figure class='gallery-item'>\n\t\t\t<div class='gallery-icon landscape'>\n\t\t\t\t<a data-elementor-open-lightbox=\"yes\" data-elementor-lightbox-slideshow=\"777484e\" data-elementor-lightbox-title=\"cropped-17fcbdacc72d53663e1bc2da4dc4979a.jpg\" data-elementor-lightbox-description=\"https:\/\/009school.bbsw-worms.de\/wp-content\/uploads\/2026\/02\/cropped-17fcbdacc72d53663e1bc2da4dc4979a.jpg\" data-e-action-hash=\"#elementor-action%3Aaction%3Dlightbox%26settings%3DeyJpZCI6NDY5LCJ1cmwiOiJodHRwczpcL1wvMDA5c2Nob29sLmJic3ctd29ybXMuZGVcL3dwLWNvbnRlbnRcL3VwbG9hZHNcLzIwMjZcLzAyXC9jcm9wcGVkLTE3ZmNiZGFjYzcyZDUzNjYzZTFiYzJkYTRkYzQ5NzlhLmpwZyIsInNsaWRlc2hvdyI6Ijc3NzQ4NGUifQ%3D%3D\" href='https:\/\/009school.bbsw-worms.de\/wp-content\/uploads\/2026\/02\/cropped-17fcbdacc72d53663e1bc2da4dc4979a.jpg'><img loading=\"lazy\" decoding=\"async\" width=\"150\" height=\"150\" src=\"https:\/\/009school.bbsw-worms.de\/wp-content\/uploads\/2026\/02\/cropped-17fcbdacc72d53663e1bc2da4dc4979a-150x150.jpg\" class=\"attachment-thumbnail size-thumbnail\" alt=\"\" srcset=\"https:\/\/009school.bbsw-worms.de\/wp-content\/uploads\/2026\/02\/cropped-17fcbdacc72d53663e1bc2da4dc4979a-150x150.jpg 150w, https:\/\/009school.bbsw-worms.de\/wp-content\/uploads\/2026\/02\/cropped-17fcbdacc72d53663e1bc2da4dc4979a-300x298.jpg 300w, https:\/\/009school.bbsw-worms.de\/wp-content\/uploads\/2026\/02\/cropped-17fcbdacc72d53663e1bc2da4dc4979a.jpg 587w\" sizes=\"(max-width: 150px) 100vw, 150px\" \/><\/a>\n\t\t\t<\/div><\/figure>\n\t\t<\/div>\n\t\t<\/div>\n\t\t\t\t\t\t<\/div>\n\t\t\t\t<\/div>\n\t\t<div class=\"elementor-element elementor-element-a5238b9 e-flex e-con-boxed e-con e-parent\" data-id=\"a5238b9\" data-element_type=\"container\" data-e-type=\"container\">\n\t\t\t\t\t<div class=\"e-con-inner\">\n\t\t\t\t<div class=\"elementor-element elementor-element-9a8362c elementor-widget elementor-widget-text-editor\" data-id=\"9a8362c\" data-element_type=\"widget\" data-e-type=\"widget\" data-widget_type=\"text-editor.default\">\n\t\t\t\t\t\t\t\t\t<h2 data-section-id=\"1jqyi4e\" data-start=\"1377\" data-end=\"1400\">Online bestellen<\/h2><p data-start=\"1402\" data-end=\"1533\">Genie\u00dfen Sie Ihr Lieblingssushi auch zu Hause.<br data-start=\"1448\" data-end=\"1451\" \/>Bestellen Sie bequem online und holen Sie Ihr Essen ab oder lassen Sie es liefern. Telefon: <a href=\"tel:0654565123\">065 4565123<\/a><\/p>\t\t\t\t\t\t\t\t<\/div>\n\t\t\t\t\t<\/div>\n\t\t\t\t<\/div>\n\t\t<div class=\"elementor-element elementor-element-c0c9980 e-flex e-con-boxed e-con e-parent\" data-id=\"c0c9980\" data-element_type=\"container\" data-e-type=\"container\">\n\t\t\t\t\t<div class=\"e-con-inner\">\n\t\t\t\t<div class=\"elementor-element elementor-element-3875d87 elementor-widget elementor-widget-text-editor\" data-id=\"3875d87\" data-element_type=\"widget\" data-e-type=\"widget\" data-widget_type=\"text-editor.default\">\n\t\t\t\t\t\t\t\t\t<p style=\"text-align: center;\"><em><strong><span style=\"font-size: 24pt;\">Bewertungen von unseren Kunden<\/span><\/strong><\/em><\/p>\t\t\t\t\t\t\t\t<\/div>\n\t\t\t\t\t<\/div>\n\t\t\t\t<\/div>\n\t\t<div class=\"elementor-element elementor-element-79fed65 e-grid e-con-boxed e-con e-parent\" data-id=\"79fed65\" data-element_type=\"container\" data-e-type=\"container\">\n\t\t\t\t\t<div class=\"e-con-inner\">\n\t\t\t\t<div class=\"elementor-element elementor-element-53512e1 elementor-widget elementor-widget-text-editor\" data-id=\"53512e1\" data-element_type=\"widget\" data-e-type=\"widget\" data-widget_type=\"text-editor.default\">\n\t\t\t\t\t\t\t\t\t<h3 style=\"text-align: center;\" data-path-to-node=\"3\">Bewertung \u2b50\u2b50\u2b50\u2b50\u2b50<\/h3><blockquote data-path-to-node=\"4\"><p data-path-to-node=\"4,0\">&#8220;Endlich mal richtig frisches Sushi! Man schmeckt die Qualit\u00e4t bei jeder Rolle, besonders der Lachs war butterweich. Das Ambiente ist modern und das Personal super freundlich. Mein neuer Lieblingsort f\u00fcr Sushi in Ludwigshafen. Absolut empfehlenswert!&#8221; \u2014 <i data-path-to-node=\"4,0\" data-index-in-node=\"254\">Maximilian S.<\/i><\/p><\/blockquote>\t\t\t\t\t\t\t\t<\/div>\n\t\t\t\t<div class=\"elementor-element elementor-element-488382a elementor-widget elementor-widget-text-editor\" data-id=\"488382a\" data-element_type=\"widget\" data-e-type=\"widget\" data-widget_type=\"text-editor.default\">\n\t\t\t\t\t\t\t\t\t<h3 style=\"text-align: center;\" data-path-to-node=\"5\">Bewertung \u2b50\u2b50\u2b50\u2b50\u2b50<\/h3><blockquote data-path-to-node=\"6\"><p data-path-to-node=\"6,0\">&#8220;Wir waren gestern mit der ganzen Familie bei Roll dich satt. Tolle Auswahl, auch f\u00fcr vegetarische G\u00e4ste. Die Online-Reservierung hat reibungslos geklappt und wir mussten nicht lange auf unser Essen warten. Wir kommen definitiv wieder!&#8221; \u2014 <i data-path-to-node=\"6,0\" data-index-in-node=\"239\">Sarah M.<\/i><\/p><\/blockquote>\t\t\t\t\t\t\t\t<\/div>\n\t\t\t\t<div class=\"elementor-element elementor-element-22776c1 elementor-widget elementor-widget-text-editor\" data-id=\"22776c1\" data-element_type=\"widget\" data-e-type=\"widget\" data-widget_type=\"text-editor.default\">\n\t\t\t\t\t\t\t\t\t<h3 style=\"text-align: center;\" data-path-to-node=\"7\">Bewertung \u2b50\u2b50\u2b50\u2b50<\/h3><blockquote data-path-to-node=\"8\"><p data-path-to-node=\"8,0\">&#8220;Super leckeres Sushi und faire Preise. Die Platten sind toll angerichtet \u2013 das Auge isst hier definitiv mit! Ein kleiner Punkt Abzug, weil es am Wochenende sehr voll war, aber das spricht ja nur f\u00fcr den Laden. Top!&#8221; \u2014 <i data-path-to-node=\"8,0\" data-index-in-node=\"219\">Lukas K.<\/i><\/p><\/blockquote>\t\t\t\t\t\t\t\t<\/div>\n\t\t\t\t\t<\/div>\n\t\t\t\t<\/div>\n\t\t<div class=\"elementor-element elementor-element-b6c14d4 e-flex e-con-boxed e-con e-parent\" data-id=\"b6c14d4\" data-element_type=\"container\" data-e-type=\"container\" data-settings=\"{&quot;background_background&quot;:&quot;classic&quot;}\">\n\t\t\t\t\t<div class=\"e-con-inner\">\n\t\t\t\t<div class=\"elementor-element elementor-element-2e983cb elementor-widget elementor-widget-text-editor\" data-id=\"2e983cb\" data-element_type=\"widget\" data-e-type=\"widget\" data-widget_type=\"text-editor.default\">\n\t\t\t\t\t\t\t\t\t<div class=\"elementor-element elementor-element-7ac0e46 e-flex e-con-boxed e-con e-parent e-lazyloaded\" data-id=\"7ac0e46\" data-element_type=\"container\" data-e-type=\"container\" data-settings=\"{&quot;background_background&quot;:&quot;classic&quot;}\"><div class=\"e-con-inner\"><div class=\"elementor-element elementor-element-1be47bb elementor-widget elementor-widget-text-editor\" data-id=\"1be47bb\" data-element_type=\"widget\" data-e-type=\"widget\" data-widget_type=\"text-editor.default\"><p style=\"text-align: center;\"><a href=\"https:\/\/009school.bbsw-worms.de\/?page_id=189\">Impressum<\/a> | <a href=\"https:\/\/009school.bbsw-worms.de\/?page_id=533\">Datenschutz<\/a> | <a href=\"https:\/\/009school.bbsw-worms.de\/?page_id=530\">AGB<\/a><\/p><\/div><\/div><\/div>\t\t\t\t\t\t\t\t<\/div>\n\t\t\t\t\t<\/div>\n\t\t\t\t<\/div>\n\t\t\t\t<\/div>\n\t\t","protected":false},"excerpt":{"rendered":"<p>\ud83c\udf63 GUTSCHEIN-AKTION: 5\u20ac sparen ab 40\u20ac Einkaufswert! Code: SUSHI5 \ud83c\udf63 Erleben Sie die Vielfalt der japanischen K\u00fcche \u2013 frisch, authentisch [&hellip;]<\/p>\n","protected":false},"author":2,"featured_media":0,"parent":0,"menu_order":0,"comment_status":"closed","ping_status":"closed","template":"","meta":{"site-sidebar-layout":"default","site-content-layout":"","ast-site-content-layout":"default","site-content-style":"default","site-sidebar-style":"default","ast-global-header-display":"","ast-banner-title-visibility":"","ast-main-header-display":"","ast-hfb-above-header-display":"","ast-hfb-below-header-display":"","ast-hfb-mobile-header-display":"","site-post-title":"","ast-breadcrumbs-content":"","ast-featured-img":"","footer-sml-layout":"","ast-disable-related-posts":"","theme-transparent-header-meta":"","adv-header-id-meta":"","stick-header-meta":"","header-above-stick-meta":"","header-main-stick-meta":"","header-below-stick-meta":"","astra-migrate-meta-layouts":"default","ast-page-background-enabled":"default","ast-page-background-meta":{"desktop":{"background-color":"var(--ast-global-color-5)","background-image":"","background-repeat":"repeat","background-position":"center center","background-size":"auto","background-attachment":"scroll","background-type":"","background-media":"","overlay-type":"","overlay-color":"","overlay-opacity":"","overlay-gradient":""},"tablet":{"background-color":"","background-image":"","background-repeat":"repeat","background-position":"center center","background-size":"auto","background-attachment":"scroll","background-type":"","background-media":"","overlay-type":"","overlay-color":"","overlay-opacity":"","overlay-gradient":""},"mobile":{"background-color":"","background-image":"","background-repeat":"repeat","background-position":"center center","background-size":"auto","background-attachment":"scroll","background-type":"","background-media":"","overlay-type":"","overlay-color":"","overlay-opacity":"","overlay-gradient":""}},"ast-content-background-meta":{"desktop":{"background-color":"var(--ast-global-color-4)","background-image":"","background-repeat":"repeat","background-position":"center center","background-size":"auto","background-attachment":"scroll","background-type":"","background-media":"","overlay-type":"","overlay-color":"","overlay-opacity":"","overlay-gradient":""},"tablet":{"background-color":"var(--ast-global-color-4)","background-image":"","background-repeat":"repeat","background-position":"center center","background-size":"auto","background-attachment":"scroll","background-type":"","background-media":"","overlay-type":"","overlay-color":"","overlay-opacity":"","overlay-gradient":""},"mobile":{"background-color":"var(--ast-global-color-4)","background-image":"","background-repeat":"repeat","background-position":"center center","background-size":"auto","background-attachment":"scroll","background-type":"","background-media":"","overlay-type":"","overlay-color":"","overlay-opacity":"","overlay-gradient":""}},"footnotes":""},"class_list":["post-204","page","type-page","status-publish","hentry"],"jetpack_sharing_enabled":true,"_links":{"self":[{"href":"https:\/\/009school.bbsw-worms.de\/index.php?rest_route=\/wp\/v2\/pages\/204","targetHints":{"allow":["GET"]}}],"collection":[{"href":"https:\/\/009school.bbsw-worms.de\/index.php?rest_route=\/wp\/v2\/pages"}],"about":[{"href":"https:\/\/009school.bbsw-worms.de\/index.php?rest_route=\/wp\/v2\/types\/page"}],"author":[{"embeddable":true,"href":"https:\/\/009school.bbsw-worms.de\/index.php?rest_route=\/wp\/v2\/users\/2"}],"replies":[{"embeddable":true,"href":"https:\/\/009school.bbsw-worms.de\/index.php?rest_route=%2Fwp%2Fv2%2Fcomments&post=204"}],"version-history":[{"count":10,"href":"https:\/\/009school.bbsw-worms.de\/index.php?rest_route=\/wp\/v2\/pages\/204\/revisions"}],"predecessor-version":[{"id":848,"href":"https:\/\/009school.bbsw-worms.de\/index.php?rest_route=\/wp\/v2\/pages\/204\/revisions\/848"}],"wp:attachment":[{"href":"https:\/\/009school.bbsw-worms.de\/index.php?rest_route=%2Fwp%2Fv2%2Fmedia&parent=204"}],"curies":[{"name":"wp","href":"https:\/\/api.w.org\/{rel}","templated":true}]}}